{"id":20149,"date":"2020-10-06T16:25:21","date_gmt":"2020-10-06T08:25:21","guid":{"rendered":"https:\/\/socoacademy.com\/ung-ho\/"},"modified":"2022-03-08T15:29:39","modified_gmt":"2022-03-08T07:29:39","slug":"ung-ho","status":"publish","type":"page","link":"https:\/\/socoacademy.com\/vi\/ung-ho\/","title":{"rendered":"H\u1ed7 tr\u1ee3"},"content":{"rendered":"<p><\/p>\n<p>B\u1ea1n c\u1ea7n tr\u1ee3 gi\u00fap v\u1ec1 c\u00e1c b\u00e0i ki\u1ec3m tra, t\u1ea3i th\u00f4ng tin hay x\u1eed l\u00fd t\u00e0i kho\u1ea3n c\u1ee7a m\u00ecnh?<\/p>\n<p><\/p>\n<p><\/p>\n<p>H\u00e3y \u0111i\u1ec1n v\u00e0o bi\u1ec3u m\u1eabu b\u00ean d\u01b0\u1edbi ho\u1eb7c g\u1eedi email \u0111\u1ebfn <a href=\"mailto:support@socoselling.com\">support@socoselling.com<\/a>, ch\u00fang t\u00f4i s\u1ebd nhanh ch\u00f3ng h\u1ed3i \u0111\u00e1p cho b\u1ea1n.<\/p>\n<p><\/p>\n<p><\/p>\n<div class=\"wp-block-columns is-layout-flex wp-container-core-columns-is-layout-28f84493 wp-block-columns-is-layout-flex\"><\/p>\n<div class=\"wp-block-column is-layout-flow wp-block-column-is-layout-flow\"><br \/>\n<script type='text\/javascript' src='https:\/\/xu207.infusionsoft.com\/app\/form\/iframe\/e8f2b974e4e131b83fbf41932b6d9c6f'><\/script><br \/>\n<\/div>\n<p><\/p>\n<p><\/p>\n<div class=\"wp-block-column is-layout-flow wp-block-column-is-layout-flow\"><\/p>\n<figure class=\"wp-block-image size-full\"><img fetchpriority=\"high\" decoding=\"async\" width=\"724\" height=\"483\" src=\"https:\/\/socoacademy.com\/wp-content\/uploads\/2019\/10\/sales-pro-course.jpg\" alt=\"\" class=\"wp-image-20155\" srcset=\"https:\/\/socoacademy.com\/wp-content\/uploads\/2019\/10\/sales-pro-course.jpg 724w, https:\/\/socoacademy.com\/wp-content\/uploads\/2019\/10\/sales-pro-course-300x200.jpg 300w, https:\/\/socoacademy.com\/wp-content\/uploads\/2019\/10\/sales-pro-course-624x416.jpg 624w, https:\/\/socoacademy.com\/wp-content\/uploads\/2019\/10\/sales-pro-course-100x67.jpg 100w\" sizes=\"(max-width: 724px) 100vw, 724px\" \/><\/figure>\n<p><\/div>\n<p><\/div>\n<p><\/p>\n<p><\/p>\n<p>Gi\u1edd l\u00e0m vi\u1ec7c c\u1ee7a ch\u00fang t\u00f4i t\u1ea1i v\u0103n ph\u00f2ng: Th\u1ee9 Hai \u0111\u1ebfn th\u1ee9 S\u00e1u, t\u1eeb 09 gi\u1edd s\u00e1ng \u0111\u1ebfn 06 gi\u1edd chi\u1ec1u (gi\u1edd chu\u1ea9n GMT +8). Kh\u00f4ng l\u00e0m vi\u1ec7c t\u1ea1i t\u1ea5t c\u1ea3 c\u00e1c ng\u00e0y ngh\u1ec9 ph\u00e1p \u0111\u1ecbnh.<\/p>\n<p><\/p>\n<p><\/p>\n<h3><strong>Nh\u1eefng c\u00e2u h\u1ecfi v\u00e0 tr\u1ea3 l\u1eddi (Q&amp;A) th\u01b0\u1eddng g\u1eb7p <\/strong><\/h3>\n<p><\/p>\n<p><\/p>\n<p>Tr\u01b0\u1edbc khi nh\u1eafn tin cho ch\u00fang t\u00f4i, xin vui l\u00f2ng xem qua \u0111\u1ec3 x\u00e1c \u0111\u1ecbnh li\u1ec7u r\u1eb1ng c\u00f3 b\u1ea5t c\u1ee9 th\u00f4ng tin n\u00e0o b\u00ean d\u01b0\u1edbi \u0111\u00e2y c\u00f3 th\u1ec3 gi\u1ea3i \u0111\u00e1p c\u00e1c th\u1eafc m\u1eafc c\u1ee7a b\u1ea1n hay kh\u00f4ng.<\/p>\n<p><\/p>\n<p><\/p>\n<h3 class=\"wp-block-heading\">B\u00e0i Ki\u1ec3m tra \u2013 \u0110\u00e3 tr\u01b0\u1ee3t 5 l\u1ea7n tr\u1edf l\u00ean<\/h3>\n<p><\/p>\n<p><\/p>\n<p>Xin vui l\u00f2ng xem \u0111\u1ee7 v\u00e0 hi\u1ec3u r\u00f5 n\u1ed9i dung c\u1ee7a t\u1ea5t c\u1ea3 c\u00e1c video tr\u01b0\u1edbc khi th\u1ef1c hi\u1ec7n b\u00e0i ki\u1ec3m tra v\u00ec b\u1ea1n ch\u1ec9 c\u00f3 5 l\u1ea7n th\u1ef1c hi\u1ec7n b\u00e0i ki\u1ec3m tra. N\u1ebfu b\u1ea1n tr\u01b0\u1ee3t qu\u00e1 nhi\u1ec1u l\u1ea7n v\u00e0 mu\u1ed1n th\u1ef1c hi\u1ec7n l\u1ea1i, xin vui l\u00f2ng s\u1eed d\u1ee5ng bi\u1ec3u m\u1eabu b\u00ean tr\u00ean v\u00e0 ch\u00fang t\u00f4i s\u1ebd c\u00e0i \u0111\u1eb7t th\u00eam m\u1ed9t l\u1ea7n duy nh\u1ea5t \u0111\u1ec3 cung c\u1ea5p th\u00eam cho b\u1ea1n hai l\u1ea7n th\u1ef1c hi\u1ec7n n\u1eefa m\u00e0 th\u00f4i.<\/p>\n<p><\/p>\n<p><\/p>\n<h3 class=\"wp-block-heading\">C\u00e0i \u0111\u1eb7t l\u1ea1i M\u1eadt kh\u1ea9u<\/h3>\n<p><\/p>\n<p><\/p>\n<p>N\u1ebfu b\u1ea1n \u0111\u00e3 qu\u00ean m\u1eadt kh\u1ea9u ho\u1eb7c mu\u1ed1n c\u00e0i \u0111\u1eb7t l\u1ea1i m\u1eadt kh\u1ea9u c\u1ee7a m\u00ecnh, h\u00e3y l\u00e0m theo c\u00e1ch b\u01b0\u1edbc sau \u0111\u00e2y:<\/p>\n<p><\/p>\n<p><\/p>\n<ol class=\"wp-block-list\">\n<li>T\u00ecm \u0111\u1ebfn trang \u0111\u0103ng nh\u1eadp v\u00e0 nh\u1ea5p v\u00e0o m\u1ee5c \u2018Lost your password?&#8217; (Qu\u00ean m\u1eadt kh\u1ea9u c\u1ee7a b\u1ea1n?)<\/li>\n<li>Nh\u1eadp v\u00e0o \u0111\u1ecba ch\u1ec9 email c\u1ee7a b\u1ea1n (s\u1eed d\u1ee5ng \u0111\u1ecba ch\u1ec9 email m\u00e0 b\u1ea1n \u0111\u00e3 \u0111\u0103ng k\u00fd c\u00f9ng v\u1edbi t\u00e0i kho\u1ea3n c\u1ee7a m\u00ecnh)<\/li>\n<li>\u1ea4n v\u00e0o n\u00fat &#8216;reset password&#8217; (c\u00e0i \u0111\u1eb7t l\u1ea1i m\u1eadt kh\u1ea9u)<\/li>\n<li>T\u00ecm m\u1ee5c th\u00f4ng b\u00e1o \u2018Check your email for your confirmation link\u2019 (Ki\u1ec3m tra email c\u1ee7a b\u1ea1n \u0111\u1ec3 nh\u1eadn \u0111\u01b0\u1eddng d\u1eabn x\u00e1c nh\u1eadn d\u00e0nh cho b\u1ea1n)<\/li>\n<li>Ki\u1ec3m tra email c\u1ee7a b\u1ea1n v\u00e0 th\u01b0 m\u1ee5c Spam \u0111\u1ec3 t\u00ecm m\u1ed9t email c\u00f3 ti\u00eau \u0111\u1ec1 l\u00e0 [Soco Academy] Password Reset from wordpress@socoacademy.com<\/li>\n<li>Nh\u1ea5p v\u00e0o \u0111\u01b0\u1eddng d\u1eabn \u0111\u01b0\u1ee3c cung c\u1ea5p trong email \u1ea5y<\/li>\n<li>S\u1eed d\u1ee5ng m\u1eadt kh\u1ea9u \u0111\u01b0\u1ee3c t\u1ea1o t\u1ef1 \u0111\u1ed9ng ho\u1eb7c x\u00f3a m\u1eadt kh\u1ea9u \u1ea5y \u0111i r\u1ed3i nh\u1eadp v\u00e0o m\u1eadt kh\u1ea9u m\u00e0 b\u1ea1n t\u1ef1 \u0111\u1eb7t ra. Xin l\u01b0u \u00fd r\u1eb1ng m\u1eadt kh\u1ea9u nh\u1eadp v\u00e0o ph\u1ea3i c\u00f3 \u0111\u1ed9 ph\u1ee9c t\u1ea1p thu\u1ed9c lo\u1ea1i CH\u1eaeC CH\u1eaeN.<\/li>\n<li>Sao ch\u00e9p m\u1eadt kh\u1ea9u \u0111\u00e3 nh\u1eadp<\/li>\n<li>\u0110\u0103ng nh\u1eadp l\u1ea1i b\u1eb1ng c\u00e1ch s\u1eed d\u1ee5ng m\u1eadt kh\u1ea9u m\u00e0 b\u1ea1n \u0111\u00e3 sao ch\u00e9p<\/li>\n<li>Gi\u1eef m\u1eadt kh\u1ea9u m\u1ed9t c\u00e1ch an to\u00e0n<\/li>\n<\/ol>\n<p><\/p>\n<p><\/p>\n<p><strong>H\u00e3y nh\u1edb ki\u1ec3m tra th\u01b0 m\u1ee5c Spam trong email c\u1ee7a b\u1ea1n v\u00ec \u0111\u00f4i khi email m\u00e0 ch\u00fang t\u00f4i g\u1eedi s\u1ebd v\u00e0o \u0111\u00f3.<\/strong><\/p>\n<p><\/p>\n<p><\/p>\n<figure class=\"wp-block-image size-large\"><img decoding=\"async\" width=\"640\" height=\"360\" src=\"https:\/\/socoacademy.com\/wp-content\/uploads\/2020\/05\/Password-Reset_v2.gif\" alt=\"\" class=\"wp-image-20170\"\/><\/figure>\n<p><\/p>\n<p><\/p>\n<h3 class=\"wp-block-heading\">Ch\u1ee9ng nh\u1eadn<\/h3>\n<p><\/p>\n<p><\/p>\n<p>N\u1ebfu b\u1ea1n \u0111\u00e3 xem \u0111\u1ee7 t\u1ea5t c\u1ea3 c\u00e1c video v\u00e0 v\u01b0\u1ee3t qua m\u1ecdi b\u00e0i ki\u1ec3m tra trong m\u1ed9t kh\u00f3a h\u1ecdc, b\u1ea1n s\u1ebd t\u1ef1 \u0111\u1ed9ng nh\u1eadn \u0111\u01b0\u1ee3c gi\u1ea5y ch\u1ee9ng nh\u1eadn c\u1ee7a m\u00ecnh qua email. B\u1ea1n c\u0169ng c\u00f3 th\u1ec3 t\u1ea3i gi\u1ea5y ch\u1ee9ng nh\u1eadn c\u1ee7a m\u00ecnh v\u1ec1 t\u1eeb trang c\u1ee7a kh\u00f3a h\u1ecdc d\u00e0nh cho t\u1eebng kh\u00f3a. B\u00ean d\u01b0\u1edbi \u0111\u00e2y l\u00e0 c\u00e1c \u0111\u01b0\u1eddng t\u1eaft d\u1eabn \u0111\u1ebfn m\u1ecdi kh\u00f3a h\u1ecdc.<\/p>\n<p><\/p>\n<p><\/p>\n<p>N\u1ebfu t\u00ean c\u1ee7a b\u1ea1n qu\u00e1 d\u00e0i v\u00e0 kh\u00f4ng \u0111\u01b0\u1ee3c th\u1ec3 hi\u1ec7n ch\u00ednh x\u00e1c, xin vui l\u00f2ng s\u1eed d\u1ee5ng bi\u1ec3u m\u1eabu b\u00ean tr\u00ean \u0111\u1ec3 th\u00f4ng b\u00e1o cho ch\u00fang t\u00f4i bi\u1ebft \u0111i\u1ec1u \u0111\u00f3, ch\u00fang t\u00f4i s\u1ebd g\u1eedi cho b\u1ea1n c\u00e1c gi\u1ea5y ch\u1ee9ng nh\u1eadn \u0111\u00e3 \u0111\u01b0\u1ee3c c\u1eadp nh\u1eadt l\u1ea1i.<\/p>\n<p><\/p>\n<p><\/p>\n<p><\/p>\n<figure class=\"wp-block-image size-full\"><img decoding=\"async\" width=\"675\" height=\"318\" src=\"https:\/\/socoacademy.com\/wp-content\/uploads\/2020\/05\/certificates.png\" alt=\"\" class=\"wp-image-20185\" srcset=\"https:\/\/socoacademy.com\/wp-content\/uploads\/2020\/05\/certificates.png 675w, https:\/\/socoacademy.com\/wp-content\/uploads\/2020\/05\/certificates-300x141.png 300w, https:\/\/socoacademy.com\/wp-content\/uploads\/2020\/05\/certificates-624x294.png 624w, https:\/\/socoacademy.com\/wp-content\/uploads\/2020\/05\/certificates-100x47.png 100w\" sizes=\"(max-width: 675px) 100vw, 675px\" \/><\/figure>\n<p><\/p>\n<p><\/p>\n<h2 class=\"wp-block-heading\">Ho\u00e0n t\u1ea5t m\u1ed9t Kh\u00f3a h\u1ecdc<\/h2>\n<p><\/p>\n<p><\/p>\n<p>\u0110\u1ec3 ho\u00e0n t\u1ea5t m\u1ed9t kh\u00f3a h\u1ecdc, b\u1ea1n ph\u1ea3i xem t\u1ea5t c\u1ea3 c\u00e1c video v\u00e0 v\u01b0\u1ee3t qua m\u1ecdi b\u00e0i ki\u1ec3m tra v\u1edbi \u0111i\u1ec3m \u0111\u1ea1t theo quy \u0111\u1ecbnh. Sau khi ho\u00e0n t\u1ea5t m\u1ed9t b\u00e0i h\u1ecdc, b\u00e0i h\u1ecdc \u1ea5y s\u1ebd c\u00f3 m\u1ed9t d\u1ea5u ki\u1ec3m m\u00e0u xanh l\u00e1 c\u00e2y \u1edf k\u1ebf b\u00ean.<\/p>\n<p><\/p>\n<p><\/p>\n<figure class=\"wp-block-image size-large\"><img loading=\"lazy\" decoding=\"async\" width=\"1024\" height=\"659\" src=\"https:\/\/socoacademy.com\/wp-content\/uploads\/2020\/10\/VietTop-1024x659.png\" alt=\"\" class=\"wp-image-20945\" srcset=\"https:\/\/socoacademy.com\/wp-content\/uploads\/2020\/10\/VietTop-1024x659.png 1024w, https:\/\/socoacademy.com\/wp-content\/uploads\/2020\/10\/VietTop-300x193.png 300w, https:\/\/socoacademy.com\/wp-content\/uploads\/2020\/10\/VietTop-768x494.png 768w, https:\/\/socoacademy.com\/wp-content\/uploads\/2020\/10\/VietTop-624x402.png 624w, https:\/\/socoacademy.com\/wp-content\/uploads\/2020\/10\/VietTop-50x32.png 50w, https:\/\/socoacademy.com\/wp-content\/uploads\/2020\/10\/VietTop.png 1361w\" sizes=\"(max-width: 1024px) 100vw, 1024px\" \/><\/figure>\n<p><\/p>\n<p><\/p>\n<p>&#8220;N\u1ebfu b\u1ea1n \u0111\u00e3 xem h\u1ebft t\u1ea5t c\u1ea3 c\u00e1c video nh\u01b0ng b\u00e0i h\u1ecdc c\u00f3 li\u00ean quan kh\u00f4ng hi\u1ec7n l\u00ean \u0111\u1ec3 b\u00e1o ho\u00e0n t\u1ea5t, h\u00e3y ki\u1ec3m tra t\u00ecnh tr\u1ea1ng b\u00e0i ki\u1ec3m tra. N\u1ebfu kh\u00f4ng c\u00f3 m\u1ed9t d\u1ea5u ki\u1ec3m m\u1ed9t xanh l\u00e1 c\u00e2y b\u00ean c\u1ea1nh b\u00e0i h\u1ecdc \u1ea5y, b\u00e0i ki\u1ec3m tra v\u1eabn ch\u01b0a \u0111\u1ea1t. N\u1ebfu b\u1ea1n \u0111\u00e3 l\u00e0m b\u00e0i ki\u1ec3m tra tr\u01b0\u1ee3t qu\u00e1 nhi\u1ec1u l\u1ea7n v\u00e0 kh\u00f4ng th\u1ec3 l\u00e0m b\u00e0i ki\u1ec3m tra \u0111\u01b0\u1ee3c n\u1eefa, h\u00e3y g\u1eedi email xin h\u1ed7 tr\u1ee3 b\u1eb1ng c\u00e1ch s\u1eed d\u1ee5ng bi\u1ec3u m\u1eabu b\u00ean tr\u00ean \u0111\u1ec3 ch\u00fang t\u00f4i c\u00e0i \u0111\u1eb7t th\u00eam hai l\u1ea7n th\u1ef1c hi\u1ec7n ki\u1ec3m tra cho b\u1ea1n.&#8221;<\/p>\n<p><\/p>\n<p><\/p>\n<figure class=\"wp-block-image size-large\"><img loading=\"lazy\" decoding=\"async\" width=\"640\" height=\"360\" src=\"https:\/\/socoacademy.com\/wp-content\/uploads\/2020\/05\/Before-Lock-Out-GIF.gif\" alt=\"\" class=\"wp-image-20215\"\/><\/figure>\n<p><\/p>\n<p><\/p>\n<h2 class=\"wp-block-heading\">B\u1ecb ch\u1eb7n<\/h2>\n<p><\/p>\n<p><\/p>\n<p>N\u1ebfu b\u1ea1n b\u1ecb ch\u1eb7n, g\u1eb7p l\u1ed7i hay tin nh\u1eafn b\u1ecb c\u1ea5m, th\u01b0\u1eddng l\u00e0 do c\u1ed1 g\u1eafng \u0111\u0103ng nh\u1eadp sai qu\u00e1 nhi\u1ec1u l\u1ea7n. H\u00e3y ch\u1edd 15 ph\u00fat r\u1ed3i l\u00e0m l\u1ea1i ho\u1eb7c li\u00ean h\u1ec7 v\u1edbi ch\u00fang t\u00f4i \u1edf bi\u1ec3u m\u1eabu b\u00ean tr\u00ean \u0111\u1ec3 ch\u00fang t\u00f4i c\u00e0i \u0111\u1eb7t l\u1ea1i \u0111\u01b0\u1eddng truy c\u1eadp cho b\u1ea1n.<\/p>\n<p><\/p>\n<p><\/p>\n<figure class=\"wp-block-image size-large\"><img loading=\"lazy\" decoding=\"async\" width=\"1024\" height=\"369\" src=\"https:\/\/socoacademy.com\/wp-content\/uploads\/2020\/05\/Mail-Attachment-1024x369.gif\" alt=\"\" class=\"wp-image-20230\" srcset=\"https:\/\/socoacademy.com\/wp-content\/uploads\/2020\/05\/Mail-Attachment-1024x369.gif 1024w, https:\/\/socoacademy.com\/wp-content\/uploads\/2020\/05\/Mail-Attachment-300x108.gif 300w, https:\/\/socoacademy.com\/wp-content\/uploads\/2020\/05\/Mail-Attachment-768x276.gif 768w, https:\/\/socoacademy.com\/wp-content\/uploads\/2020\/05\/Mail-Attachment-624x225.gif 624w, https:\/\/socoacademy.com\/wp-content\/uploads\/2020\/05\/Mail-Attachment-100x36.gif 100w\" sizes=\"(max-width: 1024px) 100vw, 1024px\" \/><\/figure>\n<p><\/p>\n<p><\/p>\n<h2 class=\"wp-block-heading\">Video Kh\u00f4ng T\u1ef1 \u0111\u1ed9ng Chuy\u1ec3n sang Video K\u1ebf ti\u1ebfp<\/h2>\n<p><\/p>\n<p><\/p>\n<p>N\u1ebfu video\/ch\u1ee7 \u0111\u1ec1 m\u00e0 b\u1ea1n \u0111ang xem kh\u00f4ng t\u1ef1 \u0111\u1ed9ng chuy\u1ec3n sang video hay ch\u1ee7 \u0111\u1ec1 k\u1ebf ti\u1ebfp, b\u1ea1n c\u00f3 th\u1ec3 s\u1eed d\u1ee5ng thanh tr\u01b0\u1ee3t b\u00ean \u0111\u1ec3 \u0111i\u1ec1u h\u01b0\u1edbng sang ch\u1ee7 \u0111\u1ec1 k\u1ebf ti\u1ebfp hay c\u00e1c ch\u1ee7 \u0111\u1ec1 kh\u00e1c.<\/p>\n<p><\/p>\n<p><\/p>\n<figure class=\"wp-block-image size-large\"><img loading=\"lazy\" decoding=\"async\" width=\"1024\" height=\"659\" src=\"https:\/\/socoacademy.com\/wp-content\/uploads\/2020\/10\/VietNav-1024x659.png\" alt=\"\" class=\"wp-image-20959\" srcset=\"https:\/\/socoacademy.com\/wp-content\/uploads\/2020\/10\/VietNav-1024x659.png 1024w, https:\/\/socoacademy.com\/wp-content\/uploads\/2020\/10\/VietNav-300x193.png 300w, https:\/\/socoacademy.com\/wp-content\/uploads\/2020\/10\/VietNav-768x494.png 768w, https:\/\/socoacademy.com\/wp-content\/uploads\/2020\/10\/VietNav-624x402.png 624w, https:\/\/socoacademy.com\/wp-content\/uploads\/2020\/10\/VietNav-50x32.png 50w, https:\/\/socoacademy.com\/wp-content\/uploads\/2020\/10\/VietNav.png 1361w\" sizes=\"(max-width: 1024px) 100vw, 1024px\" \/><\/figure>\n<p><\/p>\n<p><\/p>\n<p>\u0110\u00f4i khi, c\u00e1c video kh\u00f4ng t\u1ef1 \u0111\u1ed9ng ho\u00e0n t\u1ea5t v\u00ec ch\u00fang c\u1ea7n \u0111\u01b0\u1ee3c \u0111\u00e1nh d\u1ea5u khi ho\u00e0n t\u1ea5t.<\/p>\n<p><\/p>\n<p><\/p>\n<figure class=\"wp-block-image size-large\"><img loading=\"lazy\" decoding=\"async\" width=\"1024\" height=\"659\" src=\"https:\/\/socoacademy.com\/wp-content\/uploads\/2020\/10\/VietComp-1024x659.png\" alt=\"\" class=\"wp-image-20972\" srcset=\"https:\/\/socoacademy.com\/wp-content\/uploads\/2020\/10\/VietComp-1024x659.png 1024w, https:\/\/socoacademy.com\/wp-content\/uploads\/2020\/10\/VietComp-300x193.png 300w, https:\/\/socoacademy.com\/wp-content\/uploads\/2020\/10\/VietComp-768x494.png 768w, https:\/\/socoacademy.com\/wp-content\/uploads\/2020\/10\/VietComp-624x402.png 624w, https:\/\/socoacademy.com\/wp-content\/uploads\/2020\/10\/VietComp-50x32.png 50w, https:\/\/socoacademy.com\/wp-content\/uploads\/2020\/10\/VietComp.png 1361w\" sizes=\"(max-width: 1024px) 100vw, 1024px\" \/><\/figure>\n<p><\/p>\n<p><\/p>\n<p><\/p>\n","protected":false},"excerpt":{"rendered":"<p>B\u1ea1n c\u1ea7n tr\u1ee3 gi\u00fap v\u1ec1 c\u00e1c b\u00e0i ki\u1ec3m tra, t\u1ea3i th\u00f4ng tin hay x\u1eed l\u00fd t\u00e0i kho\u1ea3n c\u1ee7a m\u00ecnh? H\u00e3y \u0111i\u1ec1n v\u00e0o bi\u1ec3u m\u1eabu b\u00ean d\u01b0\u1edbi ho\u1eb7c g\u1eedi email \u0111\u1ebfn support@socoselling.com, ch\u00fang t\u00f4i s\u1ebd nhanh ch\u00f3ng h\u1ed3i \u0111\u00e1p cho b\u1ea1n. Gi\u1edd l\u00e0m vi\u1ec7c c\u1ee7a ch\u00fang t\u00f4i t\u1ea1i v\u0103n ph\u00f2ng: Th\u1ee9 Hai \u0111\u1ebfn th\u1ee9 S\u00e1u, t\u1eeb [&hellip;]<\/p>\n","protected":false},"author":14,"featured_media":0,"parent":0,"menu_order":0,"comment_status":"closed","ping_status":"closed","template":"","meta":{"site-sidebar-layout":"default","site-content-layout":"","ast-site-content-layout":"default","site-content-style":"default","site-sidebar-style":"default","ast-global-header-display":"","ast-banner-title-visibility":"","ast-main-header-display":"","ast-hfb-above-header-display":"","ast-hfb-below-header-display":"","ast-hfb-mobile-header-display":"","site-post-title":"","ast-breadcrumbs-content":"","ast-featured-img":"","footer-sml-layout":"","ast-disable-related-posts":"","theme-transparent-header-meta":"","adv-header-id-meta":"","stick-header-meta":"","header-above-stick-meta":"","header-main-stick-meta":"","header-below-stick-meta":"","astra-migrate-meta-layouts":"default","ast-page-background-enabled":"default","ast-page-background-meta":{"desktop":{"background-color":"","background-image":"","background-repeat":"repeat","background-position":"center center","background-size":"auto","background-attachment":"scroll","background-type":"","background-media":"","overlay-type":"","overlay-color":"","overlay-opacity":"","overlay-gradient":""},"tablet":{"background-color":"","background-image":"","background-repeat":"repeat","background-position":"center center","background-size":"auto","background-attachment":"scroll","background-type":"","background-media":"","overlay-type":"","overlay-color":"","overlay-opacity":"","overlay-gradient":""},"mobile":{"background-color":"","background-image":"","background-repeat":"repeat","background-position":"center center","background-size":"auto","background-attachment":"scroll","background-type":"","background-media":"","overlay-type":"","overlay-color":"","overlay-opacity":"","overlay-gradient":""}},"ast-content-background-meta":{"desktop":{"background-color":"var(--ast-global-color-5)","background-image":"","background-repeat":"repeat","background-position":"center center","background-size":"auto","background-attachment":"scroll","background-type":"","background-media":"","overlay-type":"","overlay-color":"","overlay-opacity":"","overlay-gradient":""},"tablet":{"background-color":"var(--ast-global-color-5)","background-image":"","background-repeat":"repeat","background-position":"center center","background-size":"auto","background-attachment":"scroll","background-type":"","background-media":"","overlay-type":"","overlay-color":"","overlay-opacity":"","overlay-gradient":""},"mobile":{"background-color":"var(--ast-global-color-5)","background-image":"","background-repeat":"repeat","background-position":"center center","background-size":"auto","background-attachment":"scroll","background-type":"","background-media":"","overlay-type":"","overlay-color":"","overlay-opacity":"","overlay-gradient":""}},"footnotes":""},"class_list":["post-20149","page","type-page","status-publish","hentry"],"_links":{"self":[{"href":"https:\/\/socoacademy.com\/vi\/wp-json\/wp\/v2\/pages\/20149","targetHints":{"allow":["GET"]}}],"collection":[{"href":"https:\/\/socoacademy.com\/vi\/wp-json\/wp\/v2\/pages"}],"about":[{"href":"https:\/\/socoacademy.com\/vi\/wp-json\/wp\/v2\/types\/page"}],"author":[{"embeddable":true,"href":"https:\/\/socoacademy.com\/vi\/wp-json\/wp\/v2\/users\/14"}],"replies":[{"embeddable":true,"href":"https:\/\/socoacademy.com\/vi\/wp-json\/wp\/v2\/comments?post=20149"}],"version-history":[{"count":5,"href":"https:\/\/socoacademy.com\/vi\/wp-json\/wp\/v2\/pages\/20149\/revisions"}],"predecessor-version":[{"id":42042,"href":"https:\/\/socoacademy.com\/vi\/wp-json\/wp\/v2\/pages\/20149\/revisions\/42042"}],"wp:attachment":[{"href":"https:\/\/socoacademy.com\/vi\/wp-json\/wp\/v2\/media?parent=20149"}],"curies":[{"name":"wp","href":"https:\/\/api.w.org\/{rel}","templated":true}]}}